{"id":1223,"date":"2019-08-23T09:18:20","date_gmt":"2019-08-23T08:18:20","guid":{"rendered":"https:\/\/www.icpic.com\/icpic-2019\/?page_id=1223"},"modified":"2019-08-23T09:18:20","modified_gmt":"2019-08-23T08:18:20","slug":"ecmec-accreditation","status":"publish","type":"page","link":"https:\/\/www.icpic.com\/icpic-2019\/ecmec-accreditation\/","title":{"rendered":"ECMEC\u00ae Accreditation"},"content":{"rendered":"<div class=\"wpb-content-wrapper\"><p>[vc_row content_placement=&#8221;middle&#8221;][vc_column width=&#8221;1\/4&#8243;][vc_single_image image=&#8221;1224&#8243;][\/vc_column][vc_column width=&#8221;3\/4&#8243;][vc_column_text]<\/p>\n<p style=\"text-align: left;\"><strong>The 5th International Conference of Prevention and Infection Control, Geneva, Switzerland, 10\/09\/2019-13\/09\/2019 has been accredited by the European Accreditation Council for Continuing Medical Education (EACCME\u00ae) with 20 European CME credits (ECMEC\u00aes). <\/strong><\/p>\n<p>[\/vc_column_text][\/vc_column][\/vc_row][vc_row][vc_column][vc_column_text]Each medical specialist should claim only those hours of credit that he\/she actually spent in the educational activity.<\/p>\n<p>Through an agreement between the Union Europ\u00e9enne des M\u00e9decins Sp\u00e9cialistes and the American Medical Association, physicians may convert EACCME\u00ae credits to an equivalent number of AMA PRA Category 1 CreditsTM. Information on the process to convert EACCME\u00ae credit to AMA credit can be found at<a href=\"https:\/\/edhub.ama-assn.org\/pages\/applications\" target=\"_blank\" rel=\"noopener\"> www.ama-assn.org\/education\/earn-credit-participation-international-activities<\/a>.<\/p>\n<p>Live educational activities, occurring outside of Canada, recognised by the UEMS-EACCME\u00ae for ECMEC\u00aes are deemed to be Accredited Group Learning Activities (Section 1) as defined by the Maintenance of Certification Program of the Royal College of Physicians and Surgeons of Canada.[\/vc_column_text][\/vc_column][\/vc_row]<\/p>\n<\/div>","protected":false},"excerpt":{"rendered":"<p>[vc_row content_placement=&#8221;middle&#8221;][vc_column width=&#8221;1\/4&#8243;][vc_single_image image=&#8221;1224&#8243;][\/vc_column][vc_column width=&#8221;3\/4&#8243;][vc_column_text] The 5th International Conference of Prevention and Infection Control, Geneva, Switzerland, 10\/09\/2019-13\/09\/2019 has been accredited by the European Accreditation Council for Continuing Medical Education (EACCME\u00ae) with 20 European CME credits (ECMEC\u00aes). [\/vc_column_text][\/vc_column][\/vc_row][vc_row][vc_column][vc_column_text]Each medical specialist should claim only those hours of credit that he\/she actually spent in the educational activity. Through <a class=\"more-link\" href=\"https:\/\/www.icpic.com\/icpic-2019\/ecmec-accreditation\/\">Continue reading <i class=\"fa fa-chevron-right\"><\/i><\/a><\/p>\n","protected":false},"author":1,"featured_media":0,"parent":0,"menu_order":0,"comment_status":"closed","ping_status":"closed","template":"","meta":{"footnotes":""},"class_list":["post-1223","page","type-page","status-publish","hentry"],"yoast_head":"<!-- This site is optimized with the Yoast SEO plugin v27.2 - https:\/\/yoast.com\/product\/yoast-seo-wordpress\/ -->\n<title>ECMEC\u00ae Accreditation - ICPIC | International Conference on Prevention and Infection Control<\/title>\n<meta name=\"robots\" content=\"index, follow, max-snippet:-1, max-image-preview:large, max-video-preview:-1\" \/>\n<link rel=\"canonical\" href=\"https:\/\/www.icpic.com\/icpic-2019\/ecmec-accreditation\/\" \/>\n<meta property=\"og:locale\" content=\"en_US\" \/>\n<meta property=\"og:type\" content=\"article\" \/>\n<meta property=\"og:title\" content=\"ECMEC\u00ae Accreditation - ICPIC | International Conference on Prevention and Infection Control\" \/>\n<meta property=\"og:description\" content=\"[vc_row content_placement=&#8221;middle&#8221;][vc_column width=&#8221;1\/4&#8243;][vc_single_image image=&#8221;1224&#8243;][\/vc_column][vc_column width=&#8221;3\/4&#8243;][vc_column_text] The 5th International Conference of Prevention and Infection Control, Geneva, Switzerland, 10\/09\/2019-13\/09\/2019 has been accredited by the European Accreditation Council for Continuing Medical Education (EACCME\u00ae) with 20 European CME credits (ECMEC\u00aes). [\/vc_column_text][\/vc_column][\/vc_row][vc_row][vc_column][vc_column_text]Each medical specialist should claim only those hours of credit that he\/she actually spent in the educational activity. Through Continue reading\" \/>\n<meta property=\"og:url\" content=\"https:\/\/www.icpic.com\/icpic-2019\/ecmec-accreditation\/\" \/>\n<meta property=\"og:site_name\" content=\"ICPIC | International Conference on Prevention and Infection Control\" \/>\n<meta property=\"article:publisher\" content=\"https:\/\/www.facebook.com\/ICPICmeeting\/\" \/>\n<meta name=\"twitter:card\" content=\"summary_large_image\" \/>\n<meta name=\"twitter:site\" content=\"@icpic_meeting\" \/>\n<meta name=\"twitter:label1\" content=\"Est. reading time\" \/>\n\t<meta name=\"twitter:data1\" content=\"1 minute\" \/>\n<script type=\"application\/ld+json\" class=\"yoast-schema-graph\">{\"@context\":\"https:\/\/schema.org\",\"@graph\":[{\"@type\":\"WebPage\",\"@id\":\"https:\/\/www.icpic.com\/icpic-2019\/ecmec-accreditation\/\",\"url\":\"https:\/\/www.icpic.com\/icpic-2019\/ecmec-accreditation\/\",\"name\":\"ECMEC\u00ae Accreditation - ICPIC | International Conference on Prevention and Infection Control\",\"isPartOf\":{\"@id\":\"https:\/\/www.icpic.com\/icpic-2019\/#website\"},\"datePublished\":\"2019-08-23T08:18:20+00:00\",\"breadcrumb\":{\"@id\":\"https:\/\/www.icpic.com\/icpic-2019\/ecmec-accreditation\/#breadcrumb\"},\"inLanguage\":\"en-US\",\"potentialAction\":[{\"@type\":\"ReadAction\",\"target\":[\"https:\/\/www.icpic.com\/icpic-2019\/ecmec-accreditation\/\"]}]},{\"@type\":\"BreadcrumbList\",\"@id\":\"https:\/\/www.icpic.com\/icpic-2019\/ecmec-accreditation\/#breadcrumb\",\"itemListElement\":[{\"@type\":\"ListItem\",\"position\":1,\"name\":\"Home\",\"item\":\"https:\/\/www.icpic.com\/icpic-2019\/\"},{\"@type\":\"ListItem\",\"position\":2,\"name\":\"ECMEC\u00ae Accreditation\"}]},{\"@type\":\"WebSite\",\"@id\":\"https:\/\/www.icpic.com\/icpic-2019\/#website\",\"url\":\"https:\/\/www.icpic.com\/icpic-2019\/\",\"name\":\"ICPIC | International Conference on Prevention and Infection Control\",\"description\":\"\",\"publisher\":{\"@id\":\"https:\/\/www.icpic.com\/icpic-2019\/#organization\"},\"potentialAction\":[{\"@type\":\"SearchAction\",\"target\":{\"@type\":\"EntryPoint\",\"urlTemplate\":\"https:\/\/www.icpic.com\/icpic-2019\/?s={search_term_string}\"},\"query-input\":{\"@type\":\"PropertyValueSpecification\",\"valueRequired\":true,\"valueName\":\"search_term_string\"}}],\"inLanguage\":\"en-US\"},{\"@type\":\"Organization\",\"@id\":\"https:\/\/www.icpic.com\/icpic-2019\/#organization\",\"name\":\"5th International Conference on Prevention & Infection Control (ICPIC)\",\"url\":\"https:\/\/www.icpic.com\/icpic-2019\/\",\"logo\":{\"@type\":\"ImageObject\",\"inLanguage\":\"en-US\",\"@id\":\"https:\/\/www.icpic.com\/icpic-2019\/#\/schema\/logo\/image\/\",\"url\":\"https:\/\/www.icpic.com\/icpic-2019\/wp-content\/uploads\/2018\/06\/logo-2019.png\",\"contentUrl\":\"https:\/\/www.icpic.com\/icpic-2019\/wp-content\/uploads\/2018\/06\/logo-2019.png\",\"width\":715,\"height\":165,\"caption\":\"5th International Conference on Prevention & Infection Control (ICPIC)\"},\"image\":{\"@id\":\"https:\/\/www.icpic.com\/icpic-2019\/#\/schema\/logo\/image\/\"},\"sameAs\":[\"https:\/\/www.facebook.com\/ICPICmeeting\/\",\"https:\/\/x.com\/icpic_meeting\"]}]}<\/script>\n<!-- \/ Yoast SEO plugin. -->","yoast_head_json":{"title":"ECMEC\u00ae Accreditation - ICPIC | International Conference on Prevention and Infection Control","robots":{"index":"index","follow":"follow","max-snippet":"max-snippet:-1","max-image-preview":"max-image-preview:large","max-video-preview":"max-video-preview:-1"},"canonical":"https:\/\/www.icpic.com\/icpic-2019\/ecmec-accreditation\/","og_locale":"en_US","og_type":"article","og_title":"ECMEC\u00ae Accreditation - ICPIC | International Conference on Prevention and Infection Control","og_description":"[vc_row content_placement=&#8221;middle&#8221;][vc_column width=&#8221;1\/4&#8243;][vc_single_image image=&#8221;1224&#8243;][\/vc_column][vc_column width=&#8221;3\/4&#8243;][vc_column_text] The 5th International Conference of Prevention and Infection Control, Geneva, Switzerland, 10\/09\/2019-13\/09\/2019 has been accredited by the European Accreditation Council for Continuing Medical Education (EACCME\u00ae) with 20 European CME credits (ECMEC\u00aes). [\/vc_column_text][\/vc_column][\/vc_row][vc_row][vc_column][vc_column_text]Each medical specialist should claim only those hours of credit that he\/she actually spent in the educational activity. Through Continue reading","og_url":"https:\/\/www.icpic.com\/icpic-2019\/ecmec-accreditation\/","og_site_name":"ICPIC | International Conference on Prevention and Infection Control","article_publisher":"https:\/\/www.facebook.com\/ICPICmeeting\/","twitter_card":"summary_large_image","twitter_site":"@icpic_meeting","twitter_misc":{"Est. reading time":"1 minute"},"schema":{"@context":"https:\/\/schema.org","@graph":[{"@type":"WebPage","@id":"https:\/\/www.icpic.com\/icpic-2019\/ecmec-accreditation\/","url":"https:\/\/www.icpic.com\/icpic-2019\/ecmec-accreditation\/","name":"ECMEC\u00ae Accreditation - ICPIC | International Conference on Prevention and Infection Control","isPartOf":{"@id":"https:\/\/www.icpic.com\/icpic-2019\/#website"},"datePublished":"2019-08-23T08:18:20+00:00","breadcrumb":{"@id":"https:\/\/www.icpic.com\/icpic-2019\/ecmec-accreditation\/#breadcrumb"},"inLanguage":"en-US","potentialAction":[{"@type":"ReadAction","target":["https:\/\/www.icpic.com\/icpic-2019\/ecmec-accreditation\/"]}]},{"@type":"BreadcrumbList","@id":"https:\/\/www.icpic.com\/icpic-2019\/ecmec-accreditation\/#breadcrumb","itemListElement":[{"@type":"ListItem","position":1,"name":"Home","item":"https:\/\/www.icpic.com\/icpic-2019\/"},{"@type":"ListItem","position":2,"name":"ECMEC\u00ae Accreditation"}]},{"@type":"WebSite","@id":"https:\/\/www.icpic.com\/icpic-2019\/#website","url":"https:\/\/www.icpic.com\/icpic-2019\/","name":"ICPIC | International Conference on Prevention and Infection Control","description":"","publisher":{"@id":"https:\/\/www.icpic.com\/icpic-2019\/#organization"},"potentialAction":[{"@type":"SearchAction","target":{"@type":"EntryPoint","urlTemplate":"https:\/\/www.icpic.com\/icpic-2019\/?s={search_term_string}"},"query-input":{"@type":"PropertyValueSpecification","valueRequired":true,"valueName":"search_term_string"}}],"inLanguage":"en-US"},{"@type":"Organization","@id":"https:\/\/www.icpic.com\/icpic-2019\/#organization","name":"5th International Conference on Prevention & Infection Control (ICPIC)","url":"https:\/\/www.icpic.com\/icpic-2019\/","logo":{"@type":"ImageObject","inLanguage":"en-US","@id":"https:\/\/www.icpic.com\/icpic-2019\/#\/schema\/logo\/image\/","url":"https:\/\/www.icpic.com\/icpic-2019\/wp-content\/uploads\/2018\/06\/logo-2019.png","contentUrl":"https:\/\/www.icpic.com\/icpic-2019\/wp-content\/uploads\/2018\/06\/logo-2019.png","width":715,"height":165,"caption":"5th International Conference on Prevention & Infection Control (ICPIC)"},"image":{"@id":"https:\/\/www.icpic.com\/icpic-2019\/#\/schema\/logo\/image\/"},"sameAs":["https:\/\/www.facebook.com\/ICPICmeeting\/","https:\/\/x.com\/icpic_meeting"]}]}},"_links":{"self":[{"href":"https:\/\/www.icpic.com\/icpic-2019\/wp-json\/wp\/v2\/pages\/1223","targetHints":{"allow":["GET"]}}],"collection":[{"href":"https:\/\/www.icpic.com\/icpic-2019\/wp-json\/wp\/v2\/pages"}],"about":[{"href":"https:\/\/www.icpic.com\/icpic-2019\/wp-json\/wp\/v2\/types\/page"}],"author":[{"embeddable":true,"href":"https:\/\/www.icpic.com\/icpic-2019\/wp-json\/wp\/v2\/users\/1"}],"replies":[{"embeddable":true,"href":"https:\/\/www.icpic.com\/icpic-2019\/wp-json\/wp\/v2\/comments?post=1223"}],"version-history":[{"count":3,"href":"https:\/\/www.icpic.com\/icpic-2019\/wp-json\/wp\/v2\/pages\/1223\/revisions"}],"predecessor-version":[{"id":1227,"href":"https:\/\/www.icpic.com\/icpic-2019\/wp-json\/wp\/v2\/pages\/1223\/revisions\/1227"}],"wp:attachment":[{"href":"https:\/\/www.icpic.com\/icpic-2019\/wp-json\/wp\/v2\/media?parent=1223"}],"curies":[{"name":"wp","href":"https:\/\/api.w.org\/{rel}","templated":true}]}}